{"id":1605,"date":"2022-03-25T20:22:28","date_gmt":"2022-03-25T20:22:28","guid":{"rendered":"https:\/\/www.bizartconsulting.com\/?page_id=1605"},"modified":"2022-03-25T20:22:28","modified_gmt":"2022-03-25T20:22:28","slug":"europa","status":"publish","type":"page","link":"https:\/\/www.bizartconsulting.com\/?page_id=1605","title":{"rendered":"Europa"},"content":{"rendered":"<p><div class=\"eight columns  alpha\">\nIn <strong>Estonia<\/strong> Bizart Consulting has their office in Tallin city.<\/p>\n<p><span class=\"icon-phone\"><\/span> &nbsp; &nbsp; &nbsp;<strong><\/strong><\/p>\n<p><span class=\"icon-home\"><\/span> &nbsp; &nbsp; &nbsp;linnaosa, L\u00f5\u00f5tsa tn 2a, 11415 ,Harju maakond, Tallinn, Lasnam\u00e4e, Estonia.<\/p>\n<p><iframe src=\"https:\/\/www.google.com\/maps\/embed?pb=!1m18!1m12!1m3!1d2029.6152652380156!2d24.799458216195664!3d59.422812510565414!2m3!1f0!2f0!3f0!3m2!1i1024!2i768!4f13.1!3m3!1m2!1s0x4692eb567459d097%3A0xfe0ca916f931ad01!2sLudvig%20Puusepp%20Building%2C%20L%C3%B5%C3%B5tsa%202a%2C%2011415%20Tallinn%2C%20Estonia!5e0!3m2!1ses-419!2sar!4v1648239206503!5m2!1ses-419!2sar\" width=\"400\" height=\"300\" style=\"border:0;\" allowfullscreen=\"\" loading=\"lazy\" referrerpolicy=\"no-referrer-when-downgrade\"><\/iframe><br \/>\n<\/div><br \/>\n<div class=\"eight columns  omega\">Have questions or need more details about our services?<br \/>\nSimply contact us and we will be happy to assist you.<\/p>\n<p>\n<div class=\"wpcf7 no-js\" id=\"wpcf7-f911-o1\" lang=\"\" dir=\"ltr\" data-wpcf7-id=\"911\">\n<div class=\"screen-reader-response\"><p role=\"status\" aria-live=\"polite\" aria-atomic=\"true\"><\/p> <ul><\/ul><\/div>\n<form action=\"\/index.php?rest_route=%2Fwp%2Fv2%2Fpages%2F1605#wpcf7-f911-o1\" method=\"post\" class=\"wpcf7-form init\" aria-label=\"Contact form\" novalidate=\"novalidate\" data-status=\"init\">\n<div style=\"display: none;\">\n<input type=\"hidden\" name=\"_wpcf7\" value=\"911\" \/>\n<input type=\"hidden\" name=\"_wpcf7_version\" value=\"6.0.6\" \/>\n<input type=\"hidden\" name=\"_wpcf7_locale\" value=\"\" \/>\n<input type=\"hidden\" name=\"_wpcf7_unit_tag\" value=\"wpcf7-f911-o1\" \/>\n<input type=\"hidden\" name=\"_wpcf7_container_post\" value=\"0\" \/>\n<input type=\"hidden\" name=\"_wpcf7_posted_data_hash\" value=\"\" \/>\n<\/div>\n<p>Your Company name (*)\n<\/p>\n<p><span class=\"wpcf7-form-control-wrap\" data-name=\"your-name\"><input size=\"40\" maxlength=\"400\" class=\"wpcf7-form-control wpcf7-text wpcf7-validates-as-required\" aria-required=\"true\" aria-invalid=\"false\" value=\"\" type=\"text\" name=\"your-name\" \/><\/span>\n<\/p>\n<p>E-Mail address (*)\n<\/p>\n<p><span class=\"wpcf7-form-control-wrap\" data-name=\"your-email\"><input size=\"40\" maxlength=\"400\" class=\"wpcf7-form-control wpcf7-email wpcf7-validates-as-required wpcf7-text wpcf7-validates-as-email\" aria-required=\"true\" aria-invalid=\"false\" value=\"\" type=\"email\" name=\"your-email\" \/><\/span>\n<\/p>\n<p>Subject\n<\/p>\n<p><span class=\"wpcf7-form-control-wrap\" data-name=\"your-subject\"><input size=\"40\" maxlength=\"400\" class=\"wpcf7-form-control wpcf7-text\" aria-invalid=\"false\" value=\"\" type=\"text\" name=\"your-subject\" \/><\/span>\n<\/p>\n<p>Message\n<\/p>\n<p><span class=\"wpcf7-form-control-wrap\" data-name=\"your-message\"><textarea cols=\"40\" rows=\"10\" maxlength=\"2000\" class=\"wpcf7-form-control wpcf7-textarea\" aria-invalid=\"false\" name=\"your-message\"><\/textarea><\/span>\n<\/p>\n<p><input class=\"wpcf7-form-control wpcf7-submit has-spinner\" type=\"submit\" value=\"Submit\" \/>\n<\/p><div class=\"wpcf7-response-output\" aria-hidden=\"true\"><\/div>\n<\/form>\n<\/div>\n<br \/>\n<\/div><br class=\"h10 clear\"\/><\/p>\n","protected":false},"excerpt":{"rendered":"","protected":false},"author":1,"featured_media":0,"parent":0,"menu_order":0,"comment_status":"closed","ping_status":"closed","template":"","meta":{"_monsterinsights_skip_tracking":false,"_monsterinsights_sitenote_active":false,"_monsterinsights_sitenote_note":"","_monsterinsights_sitenote_category":0,"footnotes":""},"class_list":["post-1605","page","type-page","status-publish","hentry"],"_links":{"self":[{"href":"https:\/\/www.bizartconsulting.com\/index.php?rest_route=\/wp\/v2\/pages\/1605"}],"collection":[{"href":"https:\/\/www.bizartconsulting.com\/index.php?rest_route=\/wp\/v2\/pages"}],"about":[{"href":"https:\/\/www.bizartconsulting.com\/index.php?rest_route=\/wp\/v2\/types\/page"}],"author":[{"embeddable":true,"href":"https:\/\/www.bizartconsulting.com\/index.php?rest_route=\/wp\/v2\/users\/1"}],"replies":[{"embeddable":true,"href":"https:\/\/www.bizartconsulting.com\/index.php?rest_route=%2Fwp%2Fv2%2Fcomments&post=1605"}],"version-history":[{"count":5,"href":"https:\/\/www.bizartconsulting.com\/index.php?rest_route=\/wp\/v2\/pages\/1605\/revisions"}],"predecessor-version":[{"id":1610,"href":"https:\/\/www.bizartconsulting.com\/index.php?rest_route=\/wp\/v2\/pages\/1605\/revisions\/1610"}],"wp:attachment":[{"href":"https:\/\/www.bizartconsulting.com\/index.php?rest_route=%2Fwp%2Fv2%2Fmedia&parent=1605"}],"curies":[{"name":"wp","href":"https:\/\/api.w.org\/{rel}","templated":true}]}}